{"id":54,"date":"2025-07-27T11:41:36","date_gmt":"2025-07-27T04:41:36","guid":{"rendered":"https:\/\/hp-marine.com.vn\/?page_id=54"},"modified":"2025-08-12T09:55:02","modified_gmt":"2025-08-12T02:55:02","slug":"to-chuc-bo-may","status":"publish","type":"page","link":"https:\/\/hp-marine.com.vn\/en\/to-chuc-bo-may\/","title":{"rendered":"Organizational Structure"},"content":{"rendered":"<p><img fetchpriority=\"high\" decoding=\"async\" class=\"aligncenter size-full wp-image-1818\" src=\"https:\/\/hp-marine.com.vn\/wp-content\/uploads\/2025\/07\/so-do-to-chuc.jpg\" alt=\"So Do To Chuc\" width=\"1019\" height=\"491\" srcset=\"https:\/\/hp-marine.com.vn\/wp-content\/uploads\/2025\/07\/so-do-to-chuc.jpg 1019w, https:\/\/hp-marine.com.vn\/wp-content\/uploads\/2025\/07\/so-do-to-chuc-300x145.jpg 300w, https:\/\/hp-marine.com.vn\/wp-content\/uploads\/2025\/07\/so-do-to-chuc-768x370.jpg 768w\" sizes=\"(max-width: 1019px) 100vw, 1019px\" \/><\/p>\n<p>The company\u2019s organizational structure is designed based on a modern management model, ensuring flexibility, specialization, and efficiency in all operations.<\/p>\n<p><strong>BOARD OF DIRECTOR<\/strong><\/p>\n<p>At the highest level is the President, who is responsible for strategic direction and overseeing all company operations.<br \/>\nDirect operations are managed by the Board of Directors, consisting of key members with extensive experience in the maritime industry and labor export.<\/p>\n<p><strong>FUNCTIONAL DEPARTMENTS<\/strong><\/p>\n<p>Financial and Accounting Division<br \/>\nResponsible for managing cash flow, accounting, and administration.<\/p>\n<ul>\n<li>Administration Department<\/li>\n<li>Accounting Department<\/li>\n<\/ul>\n<p>Crew Manning Department<br \/>\nResponsible for recruitment, training, and coordination of maritime personnel.<\/p>\n<ul>\n<li>Overseas Crew Training Department<\/li>\n<li>Crew Dept<\/li>\n<\/ul>\n<p>Marine Training Center<br \/>\nResponsible for organizing professional and skills training courses for seafarers, while also:<\/p>\n<ul>\n<li>The Crew Monitoring Department is responsible for tracking and supporting seafarers throughout their employment.<\/li>\n<\/ul>\n<p>A clear organizational structure and close coordination between departments enable the company to operate smoothly and respond promptly to the needs of partners and employees. The core team consists of professionals with practical experience and deep expertise, playing a key role in enhancing service quality and brand reputation.<\/p>","protected":false},"excerpt":{"rendered":"<p>C\u01a1 c\u1ea5u t\u1ed5 ch\u1ee9c c\u1ee7a c\u00f4ng ty \u0111\u01b0\u1ee3c x\u00e2y d\u1ef1ng theo m\u00f4 h\u00ecnh qu\u1ea3n l\u00fd hi\u1ec7n \u0111\u1ea1i, \u0111\u1ea3m b\u1ea3o t\u00ednh linh ho\u1ea1t, chuy\u00ean m\u00f4n h\u00f3a v\u00e0 hi\u1ec7u qu\u1ea3 trong m\u1ecdi ho\u1ea1t \u0111\u1ed9ng. 1. L\u00c3NH \u0110\u1ea0O C\u00d4NG TY \u1ede c\u1ea5p cao nh\u1ea5t l\u00e0 Ch\u1ee7 t\u1ecbch (President), ng\u01b0\u1eddi ch\u1ecbu tr\u00e1ch nhi\u1ec7m \u0111\u1ecbnh h\u01b0\u1edbng chi\u1ebfn l\u01b0\u1ee3c v\u00e0 gi\u00e1m [&hellip;]<\/p>","protected":false},"author":1,"featured_media":0,"parent":0,"menu_order":0,"comment_status":"closed","ping_status":"closed","template":"","meta":{"footnotes":""},"class_list":["post-54","page","type-page","status-publish","hentry"],"yoast_head":"<!-- This site is optimized with the Yoast SEO plugin v25.6 - https:\/\/yoast.com\/wordpress\/plugins\/seo\/ -->\n<title>T\u1ed5 ch\u1ee9c b\u1ed9 m\u00e1y - HP MARINE<\/title>\n<meta name=\"robots\" content=\"index, follow, max-snippet:-1, max-image-preview:large, max-video-preview:-1\" \/>\n<link rel=\"canonical\" href=\"https:\/\/hp-marine.com.vn\/en\/to-chuc-bo-may\/\" \/>\n<meta property=\"og:locale\" content=\"en_US\" \/>\n<meta property=\"og:type\" content=\"article\" \/>\n<meta property=\"og:title\" content=\"T\u1ed5 ch\u1ee9c b\u1ed9 m\u00e1y - HP MARINE\" \/>\n<meta property=\"og:description\" content=\"C\u01a1 c\u1ea5u t\u1ed5 ch\u1ee9c c\u1ee7a c\u00f4ng ty \u0111\u01b0\u1ee3c x\u00e2y d\u1ef1ng theo m\u00f4 h\u00ecnh qu\u1ea3n l\u00fd hi\u1ec7n \u0111\u1ea1i, \u0111\u1ea3m b\u1ea3o t\u00ednh linh ho\u1ea1t, chuy\u00ean m\u00f4n h\u00f3a v\u00e0 hi\u1ec7u qu\u1ea3 trong m\u1ecdi ho\u1ea1t \u0111\u1ed9ng. 1. L\u00c3NH \u0110\u1ea0O C\u00d4NG TY \u1ede c\u1ea5p cao nh\u1ea5t l\u00e0 Ch\u1ee7 t\u1ecbch (President), ng\u01b0\u1eddi ch\u1ecbu tr\u00e1ch nhi\u1ec7m \u0111\u1ecbnh h\u01b0\u1edbng chi\u1ebfn l\u01b0\u1ee3c v\u00e0 gi\u00e1m [&hellip;]\" \/>\n<meta property=\"og:url\" content=\"https:\/\/hp-marine.com.vn\/en\/to-chuc-bo-may\/\" \/>\n<meta property=\"og:site_name\" content=\"HP MARINE\" \/>\n<meta property=\"article:modified_time\" content=\"2025-08-12T02:55:02+00:00\" \/>\n<meta property=\"og:image\" content=\"https:\/\/hp-marine.com.vn\/wp-content\/uploads\/2025\/07\/so-do-to-chuc.jpg\" \/>\n\t<meta property=\"og:image:width\" content=\"1019\" \/>\n\t<meta property=\"og:image:height\" content=\"491\" \/>\n\t<meta property=\"og:image:type\" content=\"image\/jpeg\" \/>\n<meta name=\"twitter:card\" content=\"summary_large_image\" \/>\n<meta name=\"twitter:label1\" content=\"Est. reading time\" \/>\n\t<meta name=\"twitter:data1\" content=\"2 minutes\" \/>\n<script type=\"application\/ld+json\" class=\"yoast-schema-graph\">{\"@context\":\"https:\/\/schema.org\",\"@graph\":[{\"@type\":\"WebPage\",\"@id\":\"https:\/\/hp-marine.com.vn\/to-chuc-bo-may\/\",\"url\":\"https:\/\/hp-marine.com.vn\/to-chuc-bo-may\/\",\"name\":\"T\u1ed5 ch\u1ee9c b\u1ed9 m\u00e1y - HP MARINE\",\"isPartOf\":{\"@id\":\"https:\/\/hp-marine.com.vn\/#website\"},\"primaryImageOfPage\":{\"@id\":\"https:\/\/hp-marine.com.vn\/to-chuc-bo-may\/#primaryimage\"},\"image\":{\"@id\":\"https:\/\/hp-marine.com.vn\/to-chuc-bo-may\/#primaryimage\"},\"thumbnailUrl\":\"https:\/\/hp-marine.com.vn\/wp-content\/uploads\/2025\/07\/so-do-to-chuc.jpg\",\"datePublished\":\"2025-07-27T04:41:36+00:00\",\"dateModified\":\"2025-08-12T02:55:02+00:00\",\"breadcrumb\":{\"@id\":\"https:\/\/hp-marine.com.vn\/to-chuc-bo-may\/#breadcrumb\"},\"inLanguage\":\"en-US\",\"potentialAction\":[{\"@type\":\"ReadAction\",\"target\":[\"https:\/\/hp-marine.com.vn\/to-chuc-bo-may\/\"]}]},{\"@type\":\"ImageObject\",\"inLanguage\":\"en-US\",\"@id\":\"https:\/\/hp-marine.com.vn\/to-chuc-bo-may\/#primaryimage\",\"url\":\"https:\/\/hp-marine.com.vn\/wp-content\/uploads\/2025\/07\/so-do-to-chuc.jpg\",\"contentUrl\":\"https:\/\/hp-marine.com.vn\/wp-content\/uploads\/2025\/07\/so-do-to-chuc.jpg\"},{\"@type\":\"BreadcrumbList\",\"@id\":\"https:\/\/hp-marine.com.vn\/to-chuc-bo-may\/#breadcrumb\",\"itemListElement\":[{\"@type\":\"ListItem\",\"position\":1,\"name\":\"Trang ch\u1ee7\",\"item\":\"https:\/\/hp-marine.com.vn\/\"},{\"@type\":\"ListItem\",\"position\":2,\"name\":\"T\u1ed5 ch\u1ee9c b\u1ed9 m\u00e1y\"}]},{\"@type\":\"WebSite\",\"@id\":\"https:\/\/hp-marine.com.vn\/#website\",\"url\":\"https:\/\/hp-marine.com.vn\/\",\"name\":\"HP MARINE\",\"description\":\"\",\"publisher\":{\"@id\":\"https:\/\/hp-marine.com.vn\/#organization\"},\"potentialAction\":[{\"@type\":\"SearchAction\",\"target\":{\"@type\":\"EntryPoint\",\"urlTemplate\":\"https:\/\/hp-marine.com.vn\/?s={search_term_string}\"},\"query-input\":{\"@type\":\"PropertyValueSpecification\",\"valueRequired\":true,\"valueName\":\"search_term_string\"}}],\"inLanguage\":\"en-US\"},{\"@type\":\"Organization\",\"@id\":\"https:\/\/hp-marine.com.vn\/#organization\",\"name\":\"HP MARINE\",\"url\":\"https:\/\/hp-marine.com.vn\/\",\"logo\":{\"@type\":\"ImageObject\",\"inLanguage\":\"en-US\",\"@id\":\"https:\/\/hp-marine.com.vn\/#\/schema\/logo\/image\/\",\"url\":\"https:\/\/hp-marine.com.vn\/wp-content\/uploads\/2025\/07\/HP-Marine-logo-4.png\",\"contentUrl\":\"https:\/\/hp-marine.com.vn\/wp-content\/uploads\/2025\/07\/HP-Marine-logo-4.png\",\"width\":1000,\"height\":198,\"caption\":\"HP MARINE\"},\"image\":{\"@id\":\"https:\/\/hp-marine.com.vn\/#\/schema\/logo\/image\/\"}}]}<\/script>\n<!-- \/ Yoast SEO plugin. -->","yoast_head_json":{"title":"T\u1ed5 ch\u1ee9c b\u1ed9 m\u00e1y - HP MARINE","robots":{"index":"index","follow":"follow","max-snippet":"max-snippet:-1","max-image-preview":"max-image-preview:large","max-video-preview":"max-video-preview:-1"},"canonical":"https:\/\/hp-marine.com.vn\/en\/to-chuc-bo-may\/","og_locale":"en_US","og_type":"article","og_title":"T\u1ed5 ch\u1ee9c b\u1ed9 m\u00e1y - HP MARINE","og_description":"C\u01a1 c\u1ea5u t\u1ed5 ch\u1ee9c c\u1ee7a c\u00f4ng ty \u0111\u01b0\u1ee3c x\u00e2y d\u1ef1ng theo m\u00f4 h\u00ecnh qu\u1ea3n l\u00fd hi\u1ec7n \u0111\u1ea1i, \u0111\u1ea3m b\u1ea3o t\u00ednh linh ho\u1ea1t, chuy\u00ean m\u00f4n h\u00f3a v\u00e0 hi\u1ec7u qu\u1ea3 trong m\u1ecdi ho\u1ea1t \u0111\u1ed9ng. 1. L\u00c3NH \u0110\u1ea0O C\u00d4NG TY \u1ede c\u1ea5p cao nh\u1ea5t l\u00e0 Ch\u1ee7 t\u1ecbch (President), ng\u01b0\u1eddi ch\u1ecbu tr\u00e1ch nhi\u1ec7m \u0111\u1ecbnh h\u01b0\u1edbng chi\u1ebfn l\u01b0\u1ee3c v\u00e0 gi\u00e1m [&hellip;]","og_url":"https:\/\/hp-marine.com.vn\/en\/to-chuc-bo-may\/","og_site_name":"HP MARINE","article_modified_time":"2025-08-12T02:55:02+00:00","og_image":[{"width":1019,"height":491,"url":"https:\/\/hp-marine.com.vn\/wp-content\/uploads\/2025\/07\/so-do-to-chuc.jpg","type":"image\/jpeg"}],"twitter_card":"summary_large_image","twitter_misc":{"Est. reading time":"2 minutes"},"schema":{"@context":"https:\/\/schema.org","@graph":[{"@type":"WebPage","@id":"https:\/\/hp-marine.com.vn\/to-chuc-bo-may\/","url":"https:\/\/hp-marine.com.vn\/to-chuc-bo-may\/","name":"T\u1ed5 ch\u1ee9c b\u1ed9 m\u00e1y - HP MARINE","isPartOf":{"@id":"https:\/\/hp-marine.com.vn\/#website"},"primaryImageOfPage":{"@id":"https:\/\/hp-marine.com.vn\/to-chuc-bo-may\/#primaryimage"},"image":{"@id":"https:\/\/hp-marine.com.vn\/to-chuc-bo-may\/#primaryimage"},"thumbnailUrl":"https:\/\/hp-marine.com.vn\/wp-content\/uploads\/2025\/07\/so-do-to-chuc.jpg","datePublished":"2025-07-27T04:41:36+00:00","dateModified":"2025-08-12T02:55:02+00:00","breadcrumb":{"@id":"https:\/\/hp-marine.com.vn\/to-chuc-bo-may\/#breadcrumb"},"inLanguage":"en-US","potentialAction":[{"@type":"ReadAction","target":["https:\/\/hp-marine.com.vn\/to-chuc-bo-may\/"]}]},{"@type":"ImageObject","inLanguage":"en-US","@id":"https:\/\/hp-marine.com.vn\/to-chuc-bo-may\/#primaryimage","url":"https:\/\/hp-marine.com.vn\/wp-content\/uploads\/2025\/07\/so-do-to-chuc.jpg","contentUrl":"https:\/\/hp-marine.com.vn\/wp-content\/uploads\/2025\/07\/so-do-to-chuc.jpg"},{"@type":"BreadcrumbList","@id":"https:\/\/hp-marine.com.vn\/to-chuc-bo-may\/#breadcrumb","itemListElement":[{"@type":"ListItem","position":1,"name":"Trang ch\u1ee7","item":"https:\/\/hp-marine.com.vn\/"},{"@type":"ListItem","position":2,"name":"T\u1ed5 ch\u1ee9c b\u1ed9 m\u00e1y"}]},{"@type":"WebSite","@id":"https:\/\/hp-marine.com.vn\/#website","url":"https:\/\/hp-marine.com.vn\/","name":"HP MARINE","description":"","publisher":{"@id":"https:\/\/hp-marine.com.vn\/#organization"},"potentialAction":[{"@type":"SearchAction","target":{"@type":"EntryPoint","urlTemplate":"https:\/\/hp-marine.com.vn\/?s={search_term_string}"},"query-input":{"@type":"PropertyValueSpecification","valueRequired":true,"valueName":"search_term_string"}}],"inLanguage":"en-US"},{"@type":"Organization","@id":"https:\/\/hp-marine.com.vn\/#organization","name":"HP MARINE","url":"https:\/\/hp-marine.com.vn\/","logo":{"@type":"ImageObject","inLanguage":"en-US","@id":"https:\/\/hp-marine.com.vn\/#\/schema\/logo\/image\/","url":"https:\/\/hp-marine.com.vn\/wp-content\/uploads\/2025\/07\/HP-Marine-logo-4.png","contentUrl":"https:\/\/hp-marine.com.vn\/wp-content\/uploads\/2025\/07\/HP-Marine-logo-4.png","width":1000,"height":198,"caption":"HP MARINE"},"image":{"@id":"https:\/\/hp-marine.com.vn\/#\/schema\/logo\/image\/"}}]}},"_links":{"self":[{"href":"https:\/\/hp-marine.com.vn\/en\/wp-json\/wp\/v2\/pages\/54","targetHints":{"allow":["GET"]}}],"collection":[{"href":"https:\/\/hp-marine.com.vn\/en\/wp-json\/wp\/v2\/pages"}],"about":[{"href":"https:\/\/hp-marine.com.vn\/en\/wp-json\/wp\/v2\/types\/page"}],"author":[{"embeddable":true,"href":"https:\/\/hp-marine.com.vn\/en\/wp-json\/wp\/v2\/users\/1"}],"replies":[{"embeddable":true,"href":"https:\/\/hp-marine.com.vn\/en\/wp-json\/wp\/v2\/comments?post=54"}],"version-history":[{"count":0,"href":"https:\/\/hp-marine.com.vn\/en\/wp-json\/wp\/v2\/pages\/54\/revisions"}],"wp:attachment":[{"href":"https:\/\/hp-marine.com.vn\/en\/wp-json\/wp\/v2\/media?parent=54"}],"curies":[{"name":"wp","href":"https:\/\/api.w.org\/{rel}","templated":true}]}}